{"id":1046,"date":"2025-05-22T23:14:46","date_gmt":"2025-05-22T21:14:46","guid":{"rendered":"https:\/\/www.vertexpistons.com\/?page_id=1046"},"modified":"2025-05-27T12:27:19","modified_gmt":"2025-05-27T10:27:19","slug":"cylinder-works","status":"publish","type":"page","link":"https:\/\/www.vertexpistons.com\/it\/azienda\/i-nostri-brand\/cylinder-works\/","title":{"rendered":"Cylinder Works"},"content":{"rendered":"<p><div class=\"fusion-fullwidth fullwidth-box fusion-builder-row-1 fusion-flex-container has-pattern-background has-mask-background nonhundred-percent-fullwidth non-hundred-percent-height-scrolling\" style=\"--awb-border-sizes-top:.3rem;--awb-border-sizes-bottom:.3rem;--awb-border-radius-top-left:0px;--awb-border-radius-top-right:0px;--awb-border-radius-bottom-right:0px;--awb-border-radius-bottom-left:0px;--awb-padding-top:2rem;--awb-padding-bottom:2rem;--awb-min-height:200px;--awb-flex-wrap:wrap;\" ><div class=\"fusion-builder-row fusion-row fusion-flex-align-items-center fusion-flex-justify-content-center fusion-flex-content-wrap\" style=\"max-width:1248px;margin-left: calc(-4% \/ 2 );margin-right: calc(-4% \/ 2 );\"><div class=\"fusion-layout-column fusion_builder_column fusion-builder-column-0 fusion_builder_column_1_1 1_1 fusion-flex-column\" style=\"--awb-bg-size:cover;--awb-width-large:100%;--awb-margin-top-large:0px;--awb-spacing-right-large:1.92%;--awb-margin-bottom-large:0px;--awb-spacing-left-large:1.92%;--awb-width-medium:100%;--awb-order-medium:0;--awb-spacing-right-medium:1.92%;--awb-spacing-left-medium:1.92%;--awb-width-small:100%;--awb-order-small:0;--awb-spacing-right-small:1.92%;--awb-spacing-left-small:1.92%;\"><div class=\"fusion-column-wrapper fusion-column-has-shadow fusion-flex-justify-content-flex-start fusion-content-layout-column\"><div class=\"fusion-image-element \" style=\"text-align:center;--awb-max-width:250px;--awb-caption-title-font-family:var(--h2_typography-font-family);--awb-caption-title-font-weight:var(--h2_typography-font-weight);--awb-caption-title-font-style:var(--h2_typography-font-style);--awb-caption-title-size:var(--h2_typography-font-size);--awb-caption-title-transform:var(--h2_typography-text-transform);--awb-caption-title-line-height:var(--h2_typography-line-height);--awb-caption-title-letter-spacing:var(--h2_typography-letter-spacing);\"><span class=\" fusion-imageframe imageframe-none imageframe-1 hover-type-none\" style=\"border-radius:10px;\"><img decoding=\"async\" width=\"738\" height=\"255\" title=\"cylinder-works\" src=\"https:\/\/www.vertexpistons.com\/wp-content\/uploads\/2025\/05\/Pivot-Works-2.png\" alt class=\"img-responsive wp-image-1146\" srcset=\"https:\/\/www.vertexpistons.com\/wp-content\/uploads\/2025\/05\/Pivot-Works-2-200x69.png 200w, https:\/\/www.vertexpistons.com\/wp-content\/uploads\/2025\/05\/Pivot-Works-2-400x138.png 400w, https:\/\/www.vertexpistons.com\/wp-content\/uploads\/2025\/05\/Pivot-Works-2-600x207.png 600w, https:\/\/www.vertexpistons.com\/wp-content\/uploads\/2025\/05\/Pivot-Works-2.png 738w\" sizes=\"(max-width: 640px) 100vw, 738px\" \/><\/span><\/div><\/div><\/div><\/div><\/div><div class=\"fusion-fullwidth fullwidth-box fusion-builder-row-2 fusion-flex-container has-pattern-background has-mask-background nonhundred-percent-fullwidth non-hundred-percent-height-scrolling\" style=\"--awb-border-radius-top-left:0px;--awb-border-radius-top-right:0px;--awb-border-radius-bottom-right:0px;--awb-border-radius-bottom-left:0px;--awb-padding-bottom:2rem;--awb-flex-wrap:wrap;\" ><div class=\"fusion-builder-row fusion-row fusion-flex-align-items-center fusion-flex-content-wrap\" style=\"max-width:1248px;margin-left: calc(-4% \/ 2 );margin-right: calc(-4% \/ 2 );\"><div class=\"fusion-layout-column fusion_builder_column fusion-builder-column-1 fusion_builder_column_1_1 1_1 fusion-flex-column\" style=\"--awb-padding-top:2rem;--awb-bg-size:cover;--awb-width-large:100%;--awb-margin-top-large:0px;--awb-spacing-right-large:1.92%;--awb-margin-bottom-large:1.25rem;--awb-spacing-left-large:1.92%;--awb-width-medium:100%;--awb-order-medium:0;--awb-spacing-right-medium:1.92%;--awb-spacing-left-medium:1.92%;--awb-width-small:100%;--awb-order-small:0;--awb-spacing-right-small:1.92%;--awb-spacing-left-small:1.92%;\"><div class=\"fusion-column-wrapper fusion-column-has-shadow fusion-flex-justify-content-flex-start fusion-content-layout-column\"><div class=\"fusion-text fusion-text-1\"><p>Come alternativa all\u2019acquisto dei costosi cilindri OEM o al laborioso procedimento di riparazione dei cilindri originali, Cylinder Works offre agli esperti di elaborazioni l\u2019accesso a una gamma completa di cilindri di ricambio di qualit\u00e0 OEM per moto da cross, Quad ed ATV. Oltre a cilindri di ricambio di diametro standard, Cylinder Works d\u00e0 spazio alla potenza con una gamma completa di cilindri a diametro maggiorato, che permettono l\u2019incremento della cilindrata e sembrano di serie, ma non lo sono. Le versioni con diametro maggiorato sono disponibili per l\u2019acquisto come singolo cilindro o come kit completo, comprensivo di pistone, segmenti e guarnizioni, il tutto con un pronto servizio per tornare in pista il pi\u00f9 velocemente possibile.<\/p>\n<\/div><div class=\"fusion-separator fusion-full-width-sep\" style=\"align-self: center;margin-left: auto;margin-right: auto;margin-top:1rem;margin-bottom:1rem;width:100%;\"><div class=\"fusion-separator-border sep-single\" style=\"--awb-height:20px;--awb-amount:20px;border-color:var(--awb-color2);border-top-width:1px;\"><\/div><\/div><\/div><\/div><div class=\"fusion-layout-column fusion_builder_column fusion-builder-column-2 fusion_builder_column_1_2 1_2 fusion-flex-column\" style=\"--awb-bg-size:cover;--awb-width-large:50%;--awb-margin-top-large:0px;--awb-spacing-right-large:3.84%;--awb-margin-bottom-large:1.25rem;--awb-spacing-left-large:3.84%;--awb-width-medium:50%;--awb-order-medium:0;--awb-spacing-right-medium:3.84%;--awb-spacing-left-medium:3.84%;--awb-width-small:100%;--awb-order-small:0;--awb-spacing-right-small:1.92%;--awb-spacing-left-small:1.92%;\"><div class=\"fusion-column-wrapper fusion-column-has-shadow fusion-flex-justify-content-flex-start fusion-content-layout-column\"><div class=\"fusion-title title fusion-title-1 fusion-sep-none fusion-title-text fusion-title-size-two\" style=\"--awb-margin-top-small:0.63rem;--awb-margin-right-small:0px;--awb-margin-bottom-small:0.63rem;--awb-margin-left-small:0px;\"><h2 class=\"fusion-title-heading title-heading-left fusion-responsive-typography-calculated\" style=\"margin:0;--fontSize:33.58125;--minFontSize:33.58125;line-height:1.2;\"><h2>Cilindri di ricambio OEM Cylinder Works (standard bore\/stock compression)<\/h2><\/h2><\/div><div class=\"fusion-text fusion-text-2\"><p>La rettifica o la riparazione di un cilindro OEM \u00e8 un\u2019operazione laboriosa. E sostituire un cilindro OEM con un altro cilindro OEM costa\u2026e molto! Cylinder Works propone una soluzione migliore: acquistarne subito uno nuovo, di Cylinder Works!Grazie a Cylinder Works i tempi lunghi delle rettifiche e delle riparazioni sono acqua passata, e i prezzi non sono pi\u00f9 un problema. Il tutto a compromessi zero in termini di qualit\u00e0.<\/p>\n<p><strong>Ogni cilindro di ricambio Cylinder Works \u00e8:<\/strong><\/p>\n<\/div><ul style=\"--awb-size:16.875px;--awb-divider-color:var(--awb-color2);--awb-line-height:28.6875px;--awb-icon-width:28.6875px;--awb-icon-height:28.6875px;--awb-icon-margin:11.8125px;--awb-content-margin:40.5px;\" class=\"fusion-checklist fusion-checklist-1 fusion-checklist-default fusion-checklist-divider type-icons\"><li class=\"fusion-li-item\" style=\"\"><span class=\"icon-wrapper circle-no\"><i class=\"fusion-li-icon fa-check far\" aria-hidden=\"true\"><\/i><\/span><div class=\"fusion-li-item-content\">\n<p>Standard solo all\u2019apparenza.<\/p>\n<\/div><\/li><li class=\"fusion-li-item\" style=\"\"><span class=\"icon-wrapper circle-no\"><i class=\"fusion-li-icon fa-check far\" aria-hidden=\"true\"><\/i><\/span><div class=\"fusion-li-item-content\">\n<p>Levigato di precisione.<\/p>\n<\/div><\/li><li class=\"fusion-li-item\" style=\"\"><span class=\"icon-wrapper circle-no\"><i class=\"fusion-li-icon fa-check far\" aria-hidden=\"true\"><\/i><\/span><div class=\"fusion-li-item-content\">\n<p>Rivestito in nichel carburo di silicio.<\/p>\n<\/div><\/li><li class=\"fusion-li-item\" style=\"\"><span class=\"icon-wrapper circle-no\"><i class=\"fusion-li-icon fa-check far\" aria-hidden=\"true\"><\/i><\/span><div class=\"fusion-li-item-content\">\n<p>Dotato di tutta la qualit\u00e0 e le caratteristiche di un prodotto OEM, tranne il prezzo.<\/p>\n<\/div><\/li><\/ul><\/div><\/div><div class=\"fusion-layout-column fusion_builder_column fusion-builder-column-3 fusion_builder_column_1_2 1_2 fusion-flex-column\" style=\"--awb-bg-size:cover;--awb-width-large:50%;--awb-margin-top-large:0px;--awb-spacing-right-large:3.84%;--awb-margin-bottom-large:1.25rem;--awb-spacing-left-large:3.84%;--awb-width-medium:50%;--awb-order-medium:0;--awb-spacing-right-medium:3.84%;--awb-spacing-left-medium:3.84%;--awb-width-small:100%;--awb-order-small:1;--awb-spacing-right-small:1.92%;--awb-spacing-left-small:1.92%;\"><div class=\"fusion-column-wrapper fusion-column-has-shadow fusion-flex-justify-content-flex-start fusion-content-layout-column\"><div class=\"fusion-image-element \" style=\"text-align:center;--awb-caption-margin-top:1rem;--awb-max-width:450px;--awb-caption-title-font-family:&quot;Rajdhani&quot;;--awb-caption-title-font-weight:700;--awb-caption-title-font-style:normal;--awb-caption-title-size:1.50rem;--awb-caption-title-transform:uppercase;--awb-caption-title-line-height:1.50rem;--awb-caption-title-letter-spacing:var(--h4_typography-letter-spacing);\"><span class=\" fusion-imageframe imageframe-none imageframe-2 hover-type-none\" style=\"border-radius:10px;\"><img decoding=\"async\" width=\"800\" height=\"533\" title=\"Cilindri-di-ricambio-OEM-Cylinder-Works\" src=\"https:\/\/www.vertexpistons.com\/wp-content\/uploads\/2025\/05\/Cilindri-di-ricambio-OEM-Cylinder-Works.jpg\" alt class=\"img-responsive wp-image-1051\" srcset=\"https:\/\/www.vertexpistons.com\/wp-content\/uploads\/2025\/05\/Cilindri-di-ricambio-OEM-Cylinder-Works-200x133.jpg 200w, https:\/\/www.vertexpistons.com\/wp-content\/uploads\/2025\/05\/Cilindri-di-ricambio-OEM-Cylinder-Works-400x267.jpg 400w, https:\/\/www.vertexpistons.com\/wp-content\/uploads\/2025\/05\/Cilindri-di-ricambio-OEM-Cylinder-Works-600x400.jpg 600w, https:\/\/www.vertexpistons.com\/wp-content\/uploads\/2025\/05\/Cilindri-di-ricambio-OEM-Cylinder-Works.jpg 800w\" sizes=\"(max-width: 640px) 100vw, 600px\" \/><\/span><\/div><\/div><\/div><div class=\"fusion-layout-column fusion_builder_column fusion-builder-column-4 fusion_builder_column_1_2 1_2 fusion-flex-column\" style=\"--awb-bg-size:cover;--awb-width-large:50%;--awb-margin-top-large:0px;--awb-spacing-right-large:3.84%;--awb-margin-bottom-large:1.25rem;--awb-spacing-left-large:3.84%;--awb-width-medium:50%;--awb-order-medium:0;--awb-spacing-right-medium:3.84%;--awb-spacing-left-medium:3.84%;--awb-width-small:100%;--awb-order-small:3;--awb-spacing-right-small:1.92%;--awb-spacing-left-small:1.92%;\"><div class=\"fusion-column-wrapper fusion-column-has-shadow fusion-flex-justify-content-flex-start fusion-content-layout-column\"><div class=\"fusion-image-element \" style=\"text-align:center;--awb-caption-margin-top:1rem;--awb-max-width:450px;--awb-caption-title-font-family:&quot;Rajdhani&quot;;--awb-caption-title-font-weight:700;--awb-caption-title-font-style:normal;--awb-caption-title-size:1.50rem;--awb-caption-title-transform:uppercase;--awb-caption-title-line-height:1.50rem;--awb-caption-title-letter-spacing:var(--h4_typography-letter-spacing);\"><span class=\" fusion-imageframe imageframe-none imageframe-3 hover-type-none\" style=\"border-radius:10px;\"><img decoding=\"async\" width=\"800\" height=\"533\" title=\"Cilindri-con-diametro-maggiorato-Cylinder-Works\" src=\"https:\/\/www.vertexpistons.com\/wp-content\/uploads\/2025\/05\/Cilindri-con-diametro-maggiorato-Cylinder-Works.jpg\" alt class=\"img-responsive wp-image-1050\" srcset=\"https:\/\/www.vertexpistons.com\/wp-content\/uploads\/2025\/05\/Cilindri-con-diametro-maggiorato-Cylinder-Works-200x133.jpg 200w, https:\/\/www.vertexpistons.com\/wp-content\/uploads\/2025\/05\/Cilindri-con-diametro-maggiorato-Cylinder-Works-400x267.jpg 400w, https:\/\/www.vertexpistons.com\/wp-content\/uploads\/2025\/05\/Cilindri-con-diametro-maggiorato-Cylinder-Works-600x400.jpg 600w, https:\/\/www.vertexpistons.com\/wp-content\/uploads\/2025\/05\/Cilindri-con-diametro-maggiorato-Cylinder-Works.jpg 800w\" sizes=\"(max-width: 640px) 100vw, 600px\" \/><\/span><\/div><\/div><\/div><div class=\"fusion-layout-column fusion_builder_column fusion-builder-column-5 fusion_builder_column_1_2 1_2 fusion-flex-column\" style=\"--awb-bg-size:cover;--awb-width-large:50%;--awb-margin-top-large:0px;--awb-spacing-right-large:3.84%;--awb-margin-bottom-large:1.25rem;--awb-spacing-left-large:3.84%;--awb-width-medium:50%;--awb-order-medium:0;--awb-spacing-right-medium:3.84%;--awb-spacing-left-medium:3.84%;--awb-width-small:100%;--awb-order-small:2;--awb-spacing-right-small:1.92%;--awb-spacing-left-small:1.92%;\"><div class=\"fusion-column-wrapper fusion-column-has-shadow fusion-flex-justify-content-flex-start fusion-content-layout-column\"><div class=\"fusion-title title fusion-title-2 fusion-sep-none fusion-title-text fusion-title-size-two\" style=\"--awb-margin-top-small:0.63rem;--awb-margin-right-small:0px;--awb-margin-bottom-small:0.63rem;--awb-margin-left-small:0px;\"><h2 class=\"fusion-title-heading title-heading-left fusion-responsive-typography-calculated\" style=\"margin:0;--fontSize:33.58125;--minFontSize:33.58125;line-height:1.2;\"><h2>Cilindri con diametro maggiorato Cylinder Works (standard bore\/high-compression)<\/h2><\/h2><\/div><div class=\"fusion-text fusion-text-3\"><p>Come tutti sanno, pi\u00f9 CC equivalgono ad una maggiore potenza, proprio quella che viene fornita dai <span style=\"letter-spacing: 0.27px; background-color: rgba(0, 0, 0, 0);\">cilindri con diametro maggiorato Cylinder Works. Come per i nostri cilindri di ricambio OEM, i cilindri <\/span><span style=\"letter-spacing: 0.27px; background-color: rgba(0, 0, 0, 0);\">con diametro maggiorato sembrano di serie, ma non lo sono. Oltre ad avere l\u2019aspetto di component <\/span><span style=\"letter-spacing: 0.27px; background-color: rgba(0, 0, 0, 0);\">standard, i cilindri con diametro maggiorato Cylinder Works vantano una levigatura di precisione, un <\/span><span style=\"letter-spacing: 0.27px; background-color: rgba(0, 0, 0, 0);\">rivestimento in nichel carburo di silicio e un prezzo imbattibile. Acquistati singolarmente, i cilindri <\/span><span style=\"letter-spacing: 0.27px; background-color: rgba(0, 0, 0, 0);\">con diametro maggiorato Cylinder Works offrono agli appassionati di elaborazioni la possibilit\u00e0 di <\/span><span style=\"letter-spacing: 0.27px; background-color: rgba(0, 0, 0, 0);\">scegliere il pistone e le guarnizioni pi\u00f9 adatti.<\/span><\/p>\n<\/div><\/div><\/div><div class=\"fusion-layout-column fusion_builder_column fusion-builder-column-6 fusion_builder_column_1_2 1_2 fusion-flex-column\" style=\"--awb-bg-size:cover;--awb-width-large:50%;--awb-margin-top-large:0px;--awb-spacing-right-large:3.84%;--awb-margin-bottom-large:1.25rem;--awb-spacing-left-large:3.84%;--awb-width-medium:50%;--awb-order-medium:0;--awb-spacing-right-medium:3.84%;--awb-spacing-left-medium:3.84%;--awb-width-small:100%;--awb-order-small:4;--awb-spacing-right-small:1.92%;--awb-spacing-left-small:1.92%;\"><div class=\"fusion-column-wrapper fusion-column-has-shadow fusion-flex-justify-content-flex-start fusion-content-layout-column\"><div class=\"fusion-title title fusion-title-3 fusion-sep-none fusion-title-text fusion-title-size-two\" style=\"--awb-margin-top-small:0.63rem;--awb-margin-right-small:0px;--awb-margin-bottom-small:0.63rem;--awb-margin-left-small:0px;\"><h2 class=\"fusion-title-heading title-heading-left fusion-responsive-typography-calculated\" style=\"margin:0;--fontSize:33.58125;--minFontSize:33.58125;line-height:1.2;\"><h2>Kit per cilindri maggiorati Cylinder Works<\/h2><\/h2><\/div><div class=\"fusion-text fusion-text-4\"><p>I kit per cilindri maggiorati Cylinder Works forniscono tutto il necessario, eccetto il meccanico, per trasformare qualsiasi <span style=\"letter-spacing: 0.27px; background-color: rgba(0, 0, 0, 0);\">moto, Quad o ATV dalle prestazioni standard in un vero e proprio mostro di potenza. <\/span><span style=\"letter-spacing: 0.27px; background-color: rgba(0, 0, 0, 0);\">Oltre al cilindro di diametro maggiorato dall\u2019aspetto di serie, rivestito in nichel carburo di silicio e levigato di precisione,<\/span><span style=\"letter-spacing: 0.27px; background-color: rgba(0, 0, 0, 0);\">ciascun kit contiene:<\/span><\/p>\n<\/div><ul style=\"--awb-size:16.875px;--awb-divider-color:var(--awb-color2);--awb-line-height:28.6875px;--awb-icon-width:28.6875px;--awb-icon-height:28.6875px;--awb-icon-margin:11.8125px;--awb-content-margin:40.5px;\" class=\"fusion-checklist fusion-checklist-2 fusion-checklist-default fusion-checklist-divider type-icons\"><li class=\"fusion-li-item\" style=\"\"><span class=\"icon-wrapper circle-no\"><i class=\"fusion-li-icon fa-check far\" aria-hidden=\"true\"><\/i><\/span><div class=\"fusion-li-item-content\">Tutte le guarnizioni e i giunti necessari per completare l\u2019installazione<\/div><\/li><li class=\"fusion-li-item\" style=\"\"><span class=\"icon-wrapper circle-no\"><i class=\"fusion-li-icon fa-check far\" aria-hidden=\"true\"><\/i><\/span><div class=\"fusion-li-item-content\">Un pistone Vertex di diametro maggiorato, completo disegmenti, spinotto e anellini.<\/div><\/li><\/ul><\/div><\/div><div class=\"fusion-layout-column fusion_builder_column fusion-builder-column-7 fusion_builder_column_1_2 1_2 fusion-flex-column\" style=\"--awb-bg-size:cover;--awb-width-large:50%;--awb-margin-top-large:0px;--awb-spacing-right-large:3.84%;--awb-margin-bottom-large:1.25rem;--awb-spacing-left-large:3.84%;--awb-width-medium:50%;--awb-order-medium:0;--awb-spacing-right-medium:3.84%;--awb-spacing-left-medium:3.84%;--awb-width-small:100%;--awb-order-small:5;--awb-spacing-right-small:1.92%;--awb-spacing-left-small:1.92%;\"><div class=\"fusion-column-wrapper fusion-column-has-shadow fusion-flex-justify-content-flex-start fusion-content-layout-column\"><div class=\"fusion-image-element \" style=\"text-align:center;--awb-caption-margin-top:1rem;--awb-caption-title-font-family:&quot;Rajdhani&quot;;--awb-caption-title-font-weight:700;--awb-caption-title-font-style:normal;--awb-caption-title-size:1.50rem;--awb-caption-title-transform:uppercase;--awb-caption-title-line-height:1.50rem;--awb-caption-title-letter-spacing:var(--h4_typography-letter-spacing);\"><span class=\" fusion-imageframe imageframe-none imageframe-4 hover-type-none\" style=\"border-radius:10px;\"><img decoding=\"async\" width=\"800\" height=\"533\" title=\"Kit-per-cilindri-maggiorati-Cylinder-Works\" src=\"https:\/\/www.vertexpistons.com\/wp-content\/uploads\/2025\/05\/Kit-per-cilindri-maggiorati-Cylinder-Works.jpg\" alt class=\"img-responsive wp-image-1052\" srcset=\"https:\/\/www.vertexpistons.com\/wp-content\/uploads\/2025\/05\/Kit-per-cilindri-maggiorati-Cylinder-Works-200x133.jpg 200w, https:\/\/www.vertexpistons.com\/wp-content\/uploads\/2025\/05\/Kit-per-cilindri-maggiorati-Cylinder-Works-400x267.jpg 400w, https:\/\/www.vertexpistons.com\/wp-content\/uploads\/2025\/05\/Kit-per-cilindri-maggiorati-Cylinder-Works-600x400.jpg 600w, https:\/\/www.vertexpistons.com\/wp-content\/uploads\/2025\/05\/Kit-per-cilindri-maggiorati-Cylinder-Works.jpg 800w\" sizes=\"(max-width: 640px) 100vw, 600px\" \/><\/span><\/div><\/div><\/div><div class=\"fusion-layout-column fusion_builder_column fusion-builder-column-8 fusion_builder_column_1_2 1_2 fusion-flex-column\" style=\"--awb-bg-size:cover;--awb-width-large:50%;--awb-margin-top-large:0px;--awb-spacing-right-large:3.84%;--awb-margin-bottom-large:1.25rem;--awb-spacing-left-large:3.84%;--awb-width-medium:50%;--awb-order-medium:0;--awb-spacing-right-medium:3.84%;--awb-spacing-left-medium:3.84%;--awb-width-small:100%;--awb-order-small:7;--awb-spacing-right-small:1.92%;--awb-spacing-left-small:1.92%;\"><div class=\"fusion-column-wrapper fusion-column-has-shadow fusion-flex-justify-content-flex-start fusion-content-layout-column\"><div class=\"fusion-image-element \" style=\"text-align:center;--awb-caption-margin-top:1rem;--awb-max-width:400px;--awb-caption-title-font-family:&quot;Rajdhani&quot;;--awb-caption-title-font-weight:700;--awb-caption-title-font-style:normal;--awb-caption-title-size:1.50rem;--awb-caption-title-transform:uppercase;--awb-caption-title-line-height:1.50rem;--awb-caption-title-letter-spacing:var(--h4_typography-letter-spacing);\"><span class=\" fusion-imageframe imageframe-none imageframe-5 hover-type-none\" style=\"border-radius:10px;\"><img decoding=\"async\" width=\"800\" height=\"533\" title=\"rivestimento-in-nichel-carburo-di-silicio\" src=\"https:\/\/www.vertexpistons.com\/wp-content\/uploads\/2025\/05\/rivestimento-in-nichel-carburo-di-silicio.jpg\" alt class=\"img-responsive wp-image-1053\" srcset=\"https:\/\/www.vertexpistons.com\/wp-content\/uploads\/2025\/05\/rivestimento-in-nichel-carburo-di-silicio-200x133.jpg 200w, https:\/\/www.vertexpistons.com\/wp-content\/uploads\/2025\/05\/rivestimento-in-nichel-carburo-di-silicio-400x267.jpg 400w, https:\/\/www.vertexpistons.com\/wp-content\/uploads\/2025\/05\/rivestimento-in-nichel-carburo-di-silicio-600x400.jpg 600w, https:\/\/www.vertexpistons.com\/wp-content\/uploads\/2025\/05\/rivestimento-in-nichel-carburo-di-silicio.jpg 800w\" sizes=\"(max-width: 640px) 100vw, 600px\" \/><\/span><\/div><\/div><\/div><div class=\"fusion-layout-column fusion_builder_column fusion-builder-column-9 fusion_builder_column_1_2 1_2 fusion-flex-column\" style=\"--awb-bg-size:cover;--awb-width-large:50%;--awb-margin-top-large:0px;--awb-spacing-right-large:3.84%;--awb-margin-bottom-large:1.25rem;--awb-spacing-left-large:3.84%;--awb-width-medium:50%;--awb-order-medium:0;--awb-spacing-right-medium:3.84%;--awb-spacing-left-medium:3.84%;--awb-width-small:100%;--awb-order-small:6;--awb-spacing-right-small:1.92%;--awb-spacing-left-small:1.92%;\"><div class=\"fusion-column-wrapper fusion-column-has-shadow fusion-flex-justify-content-flex-start fusion-content-layout-column\"><div class=\"fusion-title title fusion-title-4 fusion-sep-none fusion-title-text fusion-title-size-two\" style=\"--awb-margin-top-small:0.63rem;--awb-margin-right-small:0px;--awb-margin-bottom-small:0.63rem;--awb-margin-left-small:0px;\"><h2 class=\"fusion-title-heading title-heading-left fusion-responsive-typography-calculated\" style=\"margin:0;--fontSize:33.58125;--minFontSize:33.58125;line-height:1.2;\"><h2>Perch\u00e9 utilizziamo un rivestimento in nichel carburo di silicio<\/h2><\/h2><\/div><div class=\"fusion-text fusion-text-5\"><p>Il nichel carburo di silicio viene utilizzato nell\u2019intera gamma Cylinder Works per rivestire il diametro del cilindro di <span style=\"letter-spacing: 0.27px; background-color: rgba(0, 0, 0, 0);\">ogni cilindro, sia standard sia maggiorato. Le ragioni per cui utilizziamo un rivestimento in nichel carburo di silicio, anzich\u00e9 ghisa o cromo, sono semplici. Il nichel carburo di silicio consente tolleranze pi\u00f9 ristrette tra il pistone e il cilindro in diametri maggiorati, offre una superficie di attrito bassa, \u00e8 estremamente resistente e consente una <\/span><span style=\"letter-spacing: 0.27px; background-color: rgba(0, 0, 0, 0);\">maggiore dissipazione del calore nello scambio di calore.Il risultato che si ottiene \u00e8 un cilindro che oltre a fornire prestazioni superiori garantisce agli appassionati di elaborazioni garanzie di durata e affidabilit\u00e0 insuperabili <\/span><span style=\"letter-spacing: 0.27px; background-color: rgba(0, 0, 0, 0);\">per la loro moto, Quad o ATV.<\/span><\/p>\n<\/div><\/div><\/div><\/div><\/div><\/p>\n","protected":false},"excerpt":{"rendered":"","protected":false},"author":1,"featured_media":0,"parent":1156,"menu_order":0,"comment_status":"closed","ping_status":"closed","template":"100-width.php","meta":{"footnotes":""},"class_list":["post-1046","page","type-page","status-publish","hentry"],"_links":{"self":[{"href":"https:\/\/www.vertexpistons.com\/it\/wp-json\/wp\/v2\/pages\/1046","targetHints":{"allow":["GET"]}}],"collection":[{"href":"https:\/\/www.vertexpistons.com\/it\/wp-json\/wp\/v2\/pages"}],"about":[{"href":"https:\/\/www.vertexpistons.com\/it\/wp-json\/wp\/v2\/types\/page"}],"author":[{"embeddable":true,"href":"https:\/\/www.vertexpistons.com\/it\/wp-json\/wp\/v2\/users\/1"}],"replies":[{"embeddable":true,"href":"https:\/\/www.vertexpistons.com\/it\/wp-json\/wp\/v2\/comments?post=1046"}],"version-history":[{"count":19,"href":"https:\/\/www.vertexpistons.com\/it\/wp-json\/wp\/v2\/pages\/1046\/revisions"}],"predecessor-version":[{"id":1285,"href":"https:\/\/www.vertexpistons.com\/it\/wp-json\/wp\/v2\/pages\/1046\/revisions\/1285"}],"up":[{"embeddable":true,"href":"https:\/\/www.vertexpistons.com\/it\/wp-json\/wp\/v2\/pages\/1156"}],"wp:attachment":[{"href":"https:\/\/www.vertexpistons.com\/it\/wp-json\/wp\/v2\/media?parent=1046"}],"curies":[{"name":"wp","href":"https:\/\/api.w.org\/{rel}","templated":true}]}}