{"id":1174,"date":"2025-05-23T17:58:51","date_gmt":"2025-05-23T15:58:51","guid":{"rendered":"https:\/\/www.vertexpistons.com\/?page_id=1174"},"modified":"2025-05-29T21:53:41","modified_gmt":"2025-05-29T19:53:41","slug":"hot-cams","status":"publish","type":"page","link":"https:\/\/www.vertexpistons.com\/it\/azienda\/i-nostri-brand\/hot-cams\/","title":{"rendered":"Hot Cams"},"content":{"rendered":"<p><div class=\"fusion-fullwidth fullwidth-box fusion-builder-row-1 fusion-flex-container has-pattern-background has-mask-background nonhundred-percent-fullwidth non-hundred-percent-height-scrolling\" style=\"--awb-border-sizes-top:.3rem;--awb-border-sizes-bottom:.3rem;--awb-border-color:var(--awb-color4);--awb-border-radius-top-left:0px;--awb-border-radius-top-right:0px;--awb-border-radius-bottom-right:0px;--awb-border-radius-bottom-left:0px;--awb-padding-top:2rem;--awb-padding-bottom:2rem;--awb-min-height:200px;--awb-flex-wrap:wrap;\" ><div class=\"fusion-builder-row fusion-row fusion-flex-align-items-center fusion-flex-justify-content-center fusion-flex-content-wrap\" style=\"max-width:1248px;margin-left: calc(-4% \/ 2 );margin-right: calc(-4% \/ 2 );\"><div class=\"fusion-layout-column fusion_builder_column fusion-builder-column-0 fusion_builder_column_1_1 1_1 fusion-flex-column\" style=\"--awb-bg-size:cover;--awb-width-large:100%;--awb-margin-top-large:0px;--awb-spacing-right-large:1.92%;--awb-margin-bottom-large:0px;--awb-spacing-left-large:1.92%;--awb-width-medium:100%;--awb-order-medium:0;--awb-spacing-right-medium:1.92%;--awb-spacing-left-medium:1.92%;--awb-width-small:100%;--awb-order-small:0;--awb-spacing-right-small:1.92%;--awb-spacing-left-small:1.92%;\"><div class=\"fusion-column-wrapper fusion-column-has-shadow fusion-flex-justify-content-flex-start fusion-content-layout-column\"><div class=\"fusion-image-element \" style=\"text-align:center;--awb-max-width:250px;--awb-caption-title-font-family:var(--h2_typography-font-family);--awb-caption-title-font-weight:var(--h2_typography-font-weight);--awb-caption-title-font-style:var(--h2_typography-font-style);--awb-caption-title-size:var(--h2_typography-font-size);--awb-caption-title-transform:var(--h2_typography-text-transform);--awb-caption-title-line-height:var(--h2_typography-line-height);--awb-caption-title-letter-spacing:var(--h2_typography-letter-spacing);\"><span class=\" fusion-imageframe imageframe-none imageframe-1 hover-type-none\" style=\"border-radius:10px;\"><img decoding=\"async\" width=\"738\" height=\"223\" title=\"Hotcams\" src=\"https:\/\/www.vertexpistons.com\/wp-content\/uploads\/2025\/05\/Hotcams-2.png\" alt class=\"img-responsive wp-image-1145\" srcset=\"https:\/\/www.vertexpistons.com\/wp-content\/uploads\/2025\/05\/Hotcams-2-200x60.png 200w, https:\/\/www.vertexpistons.com\/wp-content\/uploads\/2025\/05\/Hotcams-2-400x121.png 400w, https:\/\/www.vertexpistons.com\/wp-content\/uploads\/2025\/05\/Hotcams-2-600x181.png 600w, https:\/\/www.vertexpistons.com\/wp-content\/uploads\/2025\/05\/Hotcams-2.png 738w\" sizes=\"(max-width: 640px) 100vw, 738px\" \/><\/span><\/div><\/div><\/div><\/div><\/div><div class=\"fusion-fullwidth fullwidth-box fusion-builder-row-2 fusion-flex-container has-pattern-background has-mask-background nonhundred-percent-fullwidth non-hundred-percent-height-scrolling\" style=\"--awb-border-radius-top-left:0px;--awb-border-radius-top-right:0px;--awb-border-radius-bottom-right:0px;--awb-border-radius-bottom-left:0px;--awb-padding-bottom:2rem;--awb-flex-wrap:wrap;\" ><div class=\"fusion-builder-row fusion-row fusion-flex-align-items-center fusion-flex-content-wrap\" style=\"max-width:1248px;margin-left: calc(-4% \/ 2 );margin-right: calc(-4% \/ 2 );\"><div class=\"fusion-layout-column fusion_builder_column fusion-builder-column-1 fusion_builder_column_1_1 1_1 fusion-flex-column\" style=\"--awb-padding-top:2rem;--awb-bg-size:cover;--awb-width-large:100%;--awb-margin-top-large:0px;--awb-spacing-right-large:1.92%;--awb-margin-bottom-large:1.25rem;--awb-spacing-left-large:1.92%;--awb-width-medium:100%;--awb-order-medium:0;--awb-spacing-right-medium:1.92%;--awb-spacing-left-medium:1.92%;--awb-width-small:100%;--awb-order-small:0;--awb-spacing-right-small:1.92%;--awb-spacing-left-small:1.92%;\"><div class=\"fusion-column-wrapper fusion-column-has-shadow fusion-flex-justify-content-flex-start fusion-content-layout-column\"><div class=\"fusion-text fusion-text-1\"><p>Hot Cams \u00e8 il marchio leader per alberi a camme ad elevate prestazioni per moto da cross,Quad ed ATV e costituisce la miglior scelta per ottenere quel miglioramento delle prestazioni che tutti gli appassionati di elaborazioni di moto da cross, Quad ed ATV ricercano. Gli alberi a camme Hot Cams, realizzati da billette di acciaio e lavorati con macchine CNC dell\u2019ultima generazione, sono proposti per svariate applicazioni e con un\u2019ampia scelta di soluzioni, garantendo prestazioni ed emozioni di un albero a camme realizzato su misura, ma ad un prezzo infinitamente pi\u00f9 accessibile.La facilit\u00e0 di installazione \u00e8 un altro enorme vantaggio dei prodotti Hot Cams, poich\u00e9 quasi tutti gli alberi a camme non necessitano di alcuna lavorazione extra ed utilizzano le molle per valvole standard. Inoltre, nel rispetto dalla filosofia hot cams, potete conservare le camme originali, perch\u00e9 non \u00e8 mai necessario sostituire l\u2019anima.<\/p>\n<\/div><div class=\"fusion-separator fusion-full-width-sep\" style=\"align-self: center;margin-left: auto;margin-right: auto;margin-top:1rem;margin-bottom:1rem;width:100%;\"><div class=\"fusion-separator-border sep-single\" style=\"--awb-height:20px;--awb-amount:20px;border-color:var(--awb-color2);border-top-width:1px;\"><\/div><\/div><\/div><\/div><div class=\"fusion-layout-column fusion_builder_column fusion-builder-column-2 fusion_builder_column_1_2 1_2 fusion-flex-column\" style=\"--awb-bg-size:cover;--awb-width-large:50%;--awb-margin-top-large:0px;--awb-spacing-right-large:3.84%;--awb-margin-bottom-large:1.25rem;--awb-spacing-left-large:3.84%;--awb-width-medium:50%;--awb-order-medium:0;--awb-spacing-right-medium:3.84%;--awb-spacing-left-medium:3.84%;--awb-width-small:100%;--awb-order-small:0;--awb-spacing-right-small:1.92%;--awb-spacing-left-small:1.92%;\"><div class=\"fusion-column-wrapper fusion-column-has-shadow fusion-flex-justify-content-flex-start fusion-content-layout-column\"><div class=\"fusion-title title fusion-title-1 fusion-sep-none fusion-title-text fusion-title-size-two\" style=\"--awb-margin-top-small:0.63rem;--awb-margin-right-small:0px;--awb-margin-bottom-small:0.63rem;--awb-margin-left-small:0px;\"><h2 class=\"fusion-title-heading title-heading-left fusion-responsive-typography-calculated\" style=\"margin:0;--fontSize:33.58125;--minFontSize:33.58125;line-height:1.2;\"><h2><strong>Alberi a camme ad elevate prestazioni Hot Cams<\/strong><\/h2><\/h2><\/div><div class=\"fusion-text fusion-text-2\"><p>Gli alberi a camme ad elevate prestazioni Hot Cams, progettati, sottoposti a dynotest e realizzati negli USA, sono<br \/>\nil metodo pi\u00f9 conveniente, pi\u00f9 sicuro e pi\u00f9 semplice per aggiungere dal 5 al 10% di potenza su moto da cross, Quad<br \/>\ned ATV. Inoltre, tutti gli alberi a camme Hot Cams hanno le seguenti caratteristiche:<\/p>\n<\/div><ul style=\"--awb-size:16.875px;--awb-divider-color:var(--awb-color2);--awb-line-height:28.6875px;--awb-icon-width:28.6875px;--awb-icon-height:28.6875px;--awb-icon-margin:11.8125px;--awb-content-margin:40.5px;\" class=\"fusion-checklist fusion-checklist-1 fusion-checklist-default fusion-checklist-divider type-icons\"><li class=\"fusion-li-item\" style=\"\"><span class=\"icon-wrapper circle-no\"><i class=\"fusion-li-icon fa-check far\" aria-hidden=\"true\"><\/i><\/span><div class=\"fusion-li-item-content\">Sono realizzati con macchine CNC, la migliore garanzia di adeguatezza dimensionale ed esattezza del profilodel lobo.<\/div><\/li><li class=\"fusion-li-item\" style=\"\"><span class=\"icon-wrapper circle-no\"><i class=\"fusion-li-icon fa-check far\" aria-hidden=\"true\"><\/i><\/span><div class=\"fusion-li-item-content\">Sono creati a partire da billette di acciaio cementato 8620.<\/div><\/li><li class=\"fusion-li-item\" style=\"\"><span class=\"icon-wrapper circle-no\"><i class=\"fusion-li-icon fa-check far\" aria-hidden=\"true\"><\/i><\/span><div class=\"fusion-li-item-content\">Sono progettati con software per la gestione della punteria allo stato dell\u2019arte.<\/div><\/li><li class=\"fusion-li-item\" style=\"\"><span class=\"icon-wrapper circle-no\"><i class=\"fusion-li-icon fa-check far\" aria-hidden=\"true\"><\/i><\/span><div class=\"fusion-li-item-content\">Sono progettati per inserimento diretto in camme che utilizzano molle per valvole standard.<\/div><\/li><\/ul><\/div><\/div><div class=\"fusion-layout-column fusion_builder_column fusion-builder-column-3 fusion_builder_column_1_2 1_2 fusion-flex-column\" style=\"--awb-bg-size:cover;--awb-width-large:50%;--awb-margin-top-large:0px;--awb-spacing-right-large:3.84%;--awb-margin-bottom-large:1.25rem;--awb-spacing-left-large:3.84%;--awb-width-medium:50%;--awb-order-medium:0;--awb-spacing-right-medium:3.84%;--awb-spacing-left-medium:3.84%;--awb-width-small:100%;--awb-order-small:1;--awb-spacing-right-small:1.92%;--awb-spacing-left-small:1.92%;\"><div class=\"fusion-column-wrapper fusion-column-has-shadow fusion-flex-justify-content-flex-start fusion-content-layout-column\"><div class=\"fusion-image-element \" style=\"text-align:center;--awb-caption-margin-top:1rem;--awb-max-width:450px;--awb-caption-title-font-family:&quot;Rajdhani&quot;;--awb-caption-title-font-weight:700;--awb-caption-title-font-style:normal;--awb-caption-title-size:1.50rem;--awb-caption-title-transform:uppercase;--awb-caption-title-line-height:1.50rem;--awb-caption-title-letter-spacing:var(--h4_typography-letter-spacing);\"><span class=\" fusion-imageframe imageframe-none imageframe-2 hover-type-none\" style=\"border-radius:10px;\"><a href=\"https:\/\/www.vertexpistons.com\/wp-content\/uploads\/2025\/05\/Alberi-a-camme-ad-elevate-prestazioni-Hot-Cams.jpg\" class=\"fusion-lightbox\" data-rel=\"iLightbox[40425e1909812d55ef2]\" data-title=\"Alberi-a-camme-ad-elevate-prestazioni-Hot-Cams\" title=\"Alberi-a-camme-ad-elevate-prestazioni-Hot-Cams\"><img decoding=\"async\" width=\"972\" height=\"972\" src=\"https:\/\/www.vertexpistons.com\/wp-content\/uploads\/2025\/05\/Alberi-a-camme-ad-elevate-prestazioni-Hot-Cams.jpg\" alt class=\"img-responsive wp-image-231\" srcset=\"https:\/\/www.vertexpistons.com\/wp-content\/uploads\/2025\/05\/Alberi-a-camme-ad-elevate-prestazioni-Hot-Cams-200x200.jpg 200w, https:\/\/www.vertexpistons.com\/wp-content\/uploads\/2025\/05\/Alberi-a-camme-ad-elevate-prestazioni-Hot-Cams-400x400.jpg 400w, https:\/\/www.vertexpistons.com\/wp-content\/uploads\/2025\/05\/Alberi-a-camme-ad-elevate-prestazioni-Hot-Cams-600x600.jpg 600w, https:\/\/www.vertexpistons.com\/wp-content\/uploads\/2025\/05\/Alberi-a-camme-ad-elevate-prestazioni-Hot-Cams-800x800.jpg 800w, https:\/\/www.vertexpistons.com\/wp-content\/uploads\/2025\/05\/Alberi-a-camme-ad-elevate-prestazioni-Hot-Cams.jpg 972w\" sizes=\"(max-width: 640px) 100vw, 600px\" \/><\/a><\/span><\/div><\/div><\/div><div class=\"fusion-layout-column fusion_builder_column fusion-builder-column-4 fusion_builder_column_1_2 1_2 fusion-flex-column\" style=\"--awb-bg-size:cover;--awb-width-large:50%;--awb-margin-top-large:0px;--awb-spacing-right-large:3.84%;--awb-margin-bottom-large:1.25rem;--awb-spacing-left-large:3.84%;--awb-width-medium:50%;--awb-order-medium:0;--awb-spacing-right-medium:3.84%;--awb-spacing-left-medium:3.84%;--awb-width-small:100%;--awb-order-small:3;--awb-spacing-right-small:1.92%;--awb-spacing-left-small:1.92%;\"><div class=\"fusion-column-wrapper fusion-column-has-shadow fusion-flex-justify-content-flex-start fusion-content-layout-column\"><div class=\"fusion-image-element \" style=\"text-align:center;--awb-caption-margin-top:1rem;--awb-max-width:450px;--awb-caption-title-font-family:&quot;Rajdhani&quot;;--awb-caption-title-font-weight:700;--awb-caption-title-font-style:normal;--awb-caption-title-size:1.50rem;--awb-caption-title-transform:uppercase;--awb-caption-title-line-height:1.50rem;--awb-caption-title-letter-spacing:var(--h4_typography-letter-spacing);\"><span class=\" fusion-imageframe imageframe-none imageframe-3 hover-type-none\" style=\"border-radius:10px;\"><a href=\"https:\/\/www.vertexpistons.com\/wp-content\/uploads\/2025\/05\/Kit-di-piattelli-per-valvole-e-confezioni-di-ricambi-Hot-Cams.jpg\" class=\"fusion-lightbox\" data-rel=\"iLightbox[28468ddb1b149ea9073]\" data-title=\"Kit-di-piattelli-per-valvole-e-confezioni-di-ricambi-Hot-Cams\" title=\"Kit-di-piattelli-per-valvole-e-confezioni-di-ricambi-Hot-Cams\"><img decoding=\"async\" width=\"972\" height=\"972\" alt=\"Kit piattelli valvole Hot Cams con scomparti numerati.\" src=\"https:\/\/www.vertexpistons.com\/wp-content\/uploads\/2025\/05\/Kit-di-piattelli-per-valvole-e-confezioni-di-ricambi-Hot-Cams.jpg\" class=\"img-responsive wp-image-237\" srcset=\"https:\/\/www.vertexpistons.com\/wp-content\/uploads\/2025\/05\/Kit-di-piattelli-per-valvole-e-confezioni-di-ricambi-Hot-Cams-200x200.jpg 200w, https:\/\/www.vertexpistons.com\/wp-content\/uploads\/2025\/05\/Kit-di-piattelli-per-valvole-e-confezioni-di-ricambi-Hot-Cams-400x400.jpg 400w, https:\/\/www.vertexpistons.com\/wp-content\/uploads\/2025\/05\/Kit-di-piattelli-per-valvole-e-confezioni-di-ricambi-Hot-Cams-600x600.jpg 600w, https:\/\/www.vertexpistons.com\/wp-content\/uploads\/2025\/05\/Kit-di-piattelli-per-valvole-e-confezioni-di-ricambi-Hot-Cams-800x800.jpg 800w, https:\/\/www.vertexpistons.com\/wp-content\/uploads\/2025\/05\/Kit-di-piattelli-per-valvole-e-confezioni-di-ricambi-Hot-Cams.jpg 972w\" sizes=\"(max-width: 640px) 100vw, 600px\" \/><\/a><\/span><\/div><\/div><\/div><div class=\"fusion-layout-column fusion_builder_column fusion-builder-column-5 fusion_builder_column_1_2 1_2 fusion-flex-column\" style=\"--awb-bg-size:cover;--awb-width-large:50%;--awb-margin-top-large:0px;--awb-spacing-right-large:3.84%;--awb-margin-bottom-large:1.25rem;--awb-spacing-left-large:3.84%;--awb-width-medium:50%;--awb-order-medium:0;--awb-spacing-right-medium:3.84%;--awb-spacing-left-medium:3.84%;--awb-width-small:100%;--awb-order-small:2;--awb-spacing-right-small:1.92%;--awb-spacing-left-small:1.92%;\"><div class=\"fusion-column-wrapper fusion-column-has-shadow fusion-flex-justify-content-flex-start fusion-content-layout-column\"><div class=\"fusion-title title fusion-title-2 fusion-sep-none fusion-title-text fusion-title-size-two\" style=\"--awb-margin-top-small:0.63rem;--awb-margin-right-small:0px;--awb-margin-bottom-small:0.63rem;--awb-margin-left-small:0px;\"><h2 class=\"fusion-title-heading title-heading-left fusion-responsive-typography-calculated\" style=\"margin:0;--fontSize:33.58125;--minFontSize:33.58125;line-height:1.2;\"><h2><strong>Kit di piattelli per valvole e confezioni di ricambi Hot Cams<\/strong><\/h2><\/h2><\/div><div class=\"fusion-text fusion-text-3\"><p>Per qualit\u00e0 e convenienza, i kit di piattelli per valvole Hot Cams sono l\u2019accessorio perfetto per qualsiasi preparatore, team od officina. Con kit completi per le moderne 250 e 450F delle case giapponesi e con il nuovo piattello da 8,90mm per le moto KTM, la manutenzione della punteria viene resa semplice e veloce.<\/p>\n<p>Inoltre, per ricomporre le scorte nei kit di piattelli che si stanno esaurendo, Hot Cams offre confezioni di ricambi per completare il kit ed essere sempre pronti a ogni evenienza.<\/p>\n<\/div><\/div><\/div><div class=\"fusion-layout-column fusion_builder_column fusion-builder-column-6 fusion_builder_column_1_2 1_2 fusion-flex-column\" style=\"--awb-bg-size:cover;--awb-width-large:50%;--awb-margin-top-large:0px;--awb-spacing-right-large:3.84%;--awb-margin-bottom-large:1.25rem;--awb-spacing-left-large:3.84%;--awb-width-medium:50%;--awb-order-medium:0;--awb-spacing-right-medium:3.84%;--awb-spacing-left-medium:3.84%;--awb-width-small:100%;--awb-order-small:4;--awb-spacing-right-small:1.92%;--awb-spacing-left-small:1.92%;\"><div class=\"fusion-column-wrapper fusion-column-has-shadow fusion-flex-justify-content-flex-start fusion-content-layout-column\"><div class=\"fusion-title title fusion-title-3 fusion-sep-none fusion-title-text fusion-title-size-two\" style=\"--awb-margin-top-small:0.63rem;--awb-margin-right-small:0px;--awb-margin-bottom-small:0.63rem;--awb-margin-left-small:0px;\"><h2 class=\"fusion-title-heading title-heading-left fusion-responsive-typography-calculated\" style=\"margin:0;--fontSize:33.58125;--minFontSize:33.58125;line-height:1.2;\"><h2><strong>Alberi a camme e molle Hot Cams Gold Series&nbsp;<\/strong><\/h2><\/h2><\/div><div class=\"fusion-text fusion-text-4\"><p>Gli alberi a camme e i kit di molle Hot Cams Gold Series per elevate prestazioni sono l\u2019ultimo ritrovato di una gamma gi\u00e0 impressionante di alberi a camme Hot Cams. Gli alberi a camme della serie Gold Series, come quelli della linea standard, si distinguono per facilit\u00e0 di installazione e per il miglioramento concreto e visibile delle prestazioni. Ma i vantaggi non si limitano a questo. I nuovi alberi a camme Gold Series sono la scelta numero uno degli appassionati di elaborazioni e dei costruttori di motori alla ricerca del non plus ultra a livello di prestazioni, flessibilit\u00e0 e affidabilit\u00e0. Gli alberi a camme della serie Gold Series sono inoltre progettati per la personalizzazione di motori modificati, utilizzando cilindri con diametro maggiorato, pistoni ad elevata compressione e marmitte ad elevate prestazioni. L\u2019ampia scelta di alberi a camme consente di soddisfare qualsiasi esigenza e applicazione, offrendo soluzioni infi nite per trasformare ed elaborare il proprio motore. Per qualsiasi tipo di pista, da enduro o cross, o per qualsiasi tracciato c\u2019\u00e8 sempre un albero a camme Gold Series in grado di fornire la potenza necessaria.<\/p>\n<p>A differenza degli alberi a camme standard Hot Cams, quelli della serie Gold  Series  utilizzano la nuova gamma di molle Gold Series. Queste molle, realizzate a partire da acciaio per molle giapponese di qualit\u00e0 eccezionale, consentono una maggiore flessibilit\u00e0 a livello di progettazione dell\u2019albero a camme e garantiscono il mantenimento delle massime prestazioni della punteria, senza inconvenienti. Gli alberi a camme Hot Cams Gold Series sono semplicemente alberi a camme modificati studiati su misura per scatenare la potenza dentro ai motori elaborati.<\/p>\n<\/div><\/div><\/div><div class=\"fusion-layout-column fusion_builder_column fusion-builder-column-7 fusion_builder_column_1_2 1_2 fusion-flex-column\" style=\"--awb-bg-size:cover;--awb-width-large:50%;--awb-margin-top-large:0px;--awb-spacing-right-large:3.84%;--awb-margin-bottom-large:1.25rem;--awb-spacing-left-large:3.84%;--awb-width-medium:50%;--awb-order-medium:0;--awb-spacing-right-medium:3.84%;--awb-spacing-left-medium:3.84%;--awb-width-small:100%;--awb-order-small:5;--awb-spacing-right-small:1.92%;--awb-spacing-left-small:1.92%;\"><div class=\"fusion-column-wrapper fusion-column-has-shadow fusion-flex-justify-content-flex-start fusion-content-layout-column\"><div class=\"fusion-image-element \" style=\"text-align:center;--awb-caption-margin-top:1rem;--awb-max-width:400px;--awb-caption-title-font-family:&quot;Rajdhani&quot;;--awb-caption-title-font-weight:700;--awb-caption-title-font-style:normal;--awb-caption-title-size:1.50rem;--awb-caption-title-transform:uppercase;--awb-caption-title-line-height:1.50rem;--awb-caption-title-letter-spacing:var(--h4_typography-letter-spacing);\"><span class=\" fusion-imageframe imageframe-none imageframe-4 hover-type-none\" style=\"border-radius:10px;\"><a href=\"https:\/\/www.vertexpistons.com\/wp-content\/uploads\/2025\/05\/cams-crf-150-stg-2.jpg\" class=\"fusion-lightbox\" data-rel=\"iLightbox[7c8b8bab9570e51351b]\" data-title=\"cams-crf-150-stg-2\" title=\"cams-crf-150-stg-2\"><img decoding=\"async\" width=\"1024\" height=\"768\" alt=\"Albero a camme con molle valvola ad alte prestazioni.\" src=\"https:\/\/www.vertexpistons.com\/wp-content\/uploads\/2025\/05\/cams-crf-150-stg-2.jpg\" class=\"img-responsive wp-image-235\" srcset=\"https:\/\/www.vertexpistons.com\/wp-content\/uploads\/2025\/05\/cams-crf-150-stg-2-200x150.jpg 200w, https:\/\/www.vertexpistons.com\/wp-content\/uploads\/2025\/05\/cams-crf-150-stg-2-400x300.jpg 400w, https:\/\/www.vertexpistons.com\/wp-content\/uploads\/2025\/05\/cams-crf-150-stg-2-600x450.jpg 600w, https:\/\/www.vertexpistons.com\/wp-content\/uploads\/2025\/05\/cams-crf-150-stg-2-800x600.jpg 800w, https:\/\/www.vertexpistons.com\/wp-content\/uploads\/2025\/05\/cams-crf-150-stg-2.jpg 1024w\" sizes=\"(max-width: 640px) 100vw, 600px\" \/><\/a><\/span><\/div><\/div><\/div><\/div><\/div><\/p>\n","protected":false},"excerpt":{"rendered":"","protected":false},"author":1,"featured_media":0,"parent":1156,"menu_order":0,"comment_status":"closed","ping_status":"closed","template":"100-width.php","meta":{"footnotes":""},"class_list":["post-1174","page","type-page","status-publish","hentry"],"_links":{"self":[{"href":"https:\/\/www.vertexpistons.com\/it\/wp-json\/wp\/v2\/pages\/1174","targetHints":{"allow":["GET"]}}],"collection":[{"href":"https:\/\/www.vertexpistons.com\/it\/wp-json\/wp\/v2\/pages"}],"about":[{"href":"https:\/\/www.vertexpistons.com\/it\/wp-json\/wp\/v2\/types\/page"}],"author":[{"embeddable":true,"href":"https:\/\/www.vertexpistons.com\/it\/wp-json\/wp\/v2\/users\/1"}],"replies":[{"embeddable":true,"href":"https:\/\/www.vertexpistons.com\/it\/wp-json\/wp\/v2\/comments?post=1174"}],"version-history":[{"count":5,"href":"https:\/\/www.vertexpistons.com\/it\/wp-json\/wp\/v2\/pages\/1174\/revisions"}],"predecessor-version":[{"id":1396,"href":"https:\/\/www.vertexpistons.com\/it\/wp-json\/wp\/v2\/pages\/1174\/revisions\/1396"}],"up":[{"embeddable":true,"href":"https:\/\/www.vertexpistons.com\/it\/wp-json\/wp\/v2\/pages\/1156"}],"wp:attachment":[{"href":"https:\/\/www.vertexpistons.com\/it\/wp-json\/wp\/v2\/media?parent=1174"}],"curies":[{"name":"wp","href":"https:\/\/api.w.org\/{rel}","templated":true}]}}