{"id":717,"date":"2025-05-17T18:43:58","date_gmt":"2025-05-17T16:43:58","guid":{"rendered":"https:\/\/www.vertexpistons.com\/?page_id=717"},"modified":"2025-05-27T12:08:14","modified_gmt":"2025-05-27T10:08:14","slug":"arrowhead","status":"publish","type":"page","link":"https:\/\/www.vertexpistons.com\/it\/azienda\/i-nostri-brand\/arrowhead\/","title":{"rendered":"ArrowHead"},"content":{"rendered":"<p><div class=\"fusion-fullwidth fullwidth-box fusion-builder-row-1 fusion-flex-container has-pattern-background has-mask-background fusion-parallax-none nonhundred-percent-fullwidth non-hundred-percent-height-scrolling\" style=\"--awb-border-sizes-top:.3rem;--awb-border-sizes-bottom:.3rem;--awb-border-color:var(--awb-color4);--awb-border-radius-top-left:0px;--awb-border-radius-top-right:0px;--awb-border-radius-bottom-right:0px;--awb-border-radius-bottom-left:0px;--awb-padding-top:2rem;--awb-padding-bottom:2rem;--awb-min-height:200px;--awb-background-image:url(&quot;https:\/\/www.vertexpistons.com\/wp-content\/uploads\/2025\/05\/texture-banner-bianco.png&quot;);--awb-background-size:cover;--awb-flex-wrap:wrap;\" ><div class=\"fusion-builder-row fusion-row fusion-flex-align-items-center fusion-flex-justify-content-center fusion-flex-content-wrap\" style=\"max-width:1248px;margin-left: calc(-4% \/ 2 );margin-right: calc(-4% \/ 2 );\"><div class=\"fusion-layout-column fusion_builder_column fusion-builder-column-0 fusion_builder_column_1_1 1_1 fusion-flex-column\" style=\"--awb-bg-size:cover;--awb-width-large:100%;--awb-margin-top-large:0px;--awb-spacing-right-large:1.92%;--awb-margin-bottom-large:0px;--awb-spacing-left-large:1.92%;--awb-width-medium:100%;--awb-order-medium:0;--awb-spacing-right-medium:1.92%;--awb-spacing-left-medium:1.92%;--awb-width-small:100%;--awb-order-small:0;--awb-spacing-right-small:1.92%;--awb-spacing-left-small:1.92%;\"><div class=\"fusion-column-wrapper fusion-column-has-shadow fusion-flex-justify-content-flex-start fusion-content-layout-column\"><div class=\"fusion-image-element \" style=\"text-align:center;--awb-max-width:350px;--awb-caption-title-font-family:var(--h2_typography-font-family);--awb-caption-title-font-weight:var(--h2_typography-font-weight);--awb-caption-title-font-style:var(--h2_typography-font-style);--awb-caption-title-size:var(--h2_typography-font-size);--awb-caption-title-transform:var(--h2_typography-text-transform);--awb-caption-title-line-height:var(--h2_typography-line-height);--awb-caption-title-letter-spacing:var(--h2_typography-letter-spacing);\"><span class=\" fusion-imageframe imageframe-none imageframe-1 hover-type-none\" style=\"border-radius:10px;\"><img decoding=\"async\" width=\"1517\" height=\"407\" title=\"arrowhead-logo\" src=\"https:\/\/www.vertexpistons.com\/wp-content\/uploads\/2025\/05\/arrowhead-logo.png\" alt class=\"img-responsive wp-image-1022\" srcset=\"https:\/\/www.vertexpistons.com\/wp-content\/uploads\/2025\/05\/arrowhead-logo-200x54.png 200w, https:\/\/www.vertexpistons.com\/wp-content\/uploads\/2025\/05\/arrowhead-logo-400x107.png 400w, https:\/\/www.vertexpistons.com\/wp-content\/uploads\/2025\/05\/arrowhead-logo-600x161.png 600w, https:\/\/www.vertexpistons.com\/wp-content\/uploads\/2025\/05\/arrowhead-logo-800x215.png 800w, https:\/\/www.vertexpistons.com\/wp-content\/uploads\/2025\/05\/arrowhead-logo-1200x322.png 1200w, https:\/\/www.vertexpistons.com\/wp-content\/uploads\/2025\/05\/arrowhead-logo.png 1517w\" sizes=\"(max-width: 640px) 100vw, 1200px\" \/><\/span><\/div><\/div><\/div><\/div><\/div><div class=\"fusion-fullwidth fullwidth-box fusion-builder-row-2 fusion-flex-container has-pattern-background has-mask-background nonhundred-percent-fullwidth non-hundred-percent-height-scrolling\" style=\"--awb-border-radius-top-left:0px;--awb-border-radius-top-right:0px;--awb-border-radius-bottom-right:0px;--awb-border-radius-bottom-left:0px;--awb-padding-bottom:2rem;--awb-flex-wrap:wrap;\" ><div class=\"fusion-builder-row fusion-row fusion-flex-align-items-flex-start fusion-flex-content-wrap\" style=\"max-width:1248px;margin-left: calc(-4% \/ 2 );margin-right: calc(-4% \/ 2 );\"><div class=\"fusion-layout-column fusion_builder_column fusion-builder-column-1 fusion_builder_column_1_1 1_1 fusion-flex-column\" style=\"--awb-padding-top:2rem;--awb-bg-size:cover;--awb-width-large:100%;--awb-margin-top-large:0px;--awb-spacing-right-large:1.92%;--awb-margin-bottom-large:1.25rem;--awb-spacing-left-large:1.92%;--awb-width-medium:100%;--awb-order-medium:0;--awb-spacing-right-medium:1.92%;--awb-spacing-left-medium:1.92%;--awb-width-small:100%;--awb-order-small:0;--awb-spacing-right-small:1.92%;--awb-spacing-left-small:1.92%;\"><div class=\"fusion-column-wrapper fusion-column-has-shadow fusion-flex-justify-content-flex-start fusion-content-layout-column\"><div class=\"fusion-text fusion-text-1\"><p>Da oltre 45 anni, ArrowHead Electrical Products, Inc., \u00e8 leader nell&#8217;industria dei prodotti elettrici rotativi, fornendo con orgoglio ai clienti prodotti di alta qualit\u00e0 ai prezzi pi\u00f9 competitivi sul mercato.<\/p>\n<p>Con ArrowHead possiamo offrire un ampio ventaglio di prodotti e applicazioni per Powersports (OffRoad &amp; Moto da Strada, ATV &amp; UTV e Moto d&#8217;Acqua), per la produzione di energia per sistemi esterni, agricoltura, edilizia, trazione e automobilistico.<\/p>\n<\/div><\/div><\/div><div class=\"fusion-layout-column fusion_builder_column fusion-builder-column-2 fusion_builder_column_1_1 1_1 fusion-flex-column\" style=\"--awb-bg-size:cover;--awb-width-large:100%;--awb-margin-top-large:0px;--awb-spacing-right-large:1.92%;--awb-margin-bottom-large:1.25rem;--awb-spacing-left-large:1.92%;--awb-width-medium:100%;--awb-order-medium:0;--awb-spacing-right-medium:1.92%;--awb-spacing-left-medium:1.92%;--awb-width-small:100%;--awb-order-small:0;--awb-spacing-right-small:1.92%;--awb-spacing-left-small:1.92%;\"><div class=\"fusion-column-wrapper fusion-column-has-shadow fusion-flex-justify-content-flex-start fusion-content-layout-column\"><div class=\"fusion-separator fusion-full-width-sep\" style=\"align-self: center;margin-left: auto;margin-right: auto;margin-top:1rem;margin-bottom:1rem;width:100%;\"><div class=\"fusion-separator-border sep-single\" style=\"--awb-height:20px;--awb-amount:20px;border-color:var(--awb-color2);border-top-width:1px;\"><\/div><\/div><div class=\"fusion-title title fusion-title-1 fusion-sep-none fusion-title-text fusion-title-size-two\" style=\"--awb-margin-top-small:0.63rem;--awb-margin-right-small:0px;--awb-margin-bottom-small:0.63rem;--awb-margin-left-small:0px;\"><h2 class=\"fusion-title-heading title-heading-left fusion-responsive-typography-calculated\" style=\"margin:0;--fontSize:33.58125;--minFontSize:33.58125;line-height:1.2;\">Categoria Prodotti<\/h2><\/div><\/div><\/div><div class=\"fusion-layout-column fusion_builder_column fusion-builder-column-3 fusion_builder_column_1_4 1_4 fusion-flex-column\" style=\"--awb-bg-size:cover;--awb-width-large:25%;--awb-margin-top-large:0px;--awb-spacing-right-large:7.68%;--awb-margin-bottom-large:1.25rem;--awb-spacing-left-large:7.68%;--awb-width-medium:25%;--awb-order-medium:0;--awb-spacing-right-medium:7.68%;--awb-spacing-left-medium:7.68%;--awb-width-small:100%;--awb-order-small:0;--awb-spacing-right-small:1.92%;--awb-spacing-left-small:1.92%;\"><div class=\"fusion-column-wrapper fusion-column-has-shadow fusion-flex-justify-content-flex-start fusion-content-layout-column\"><div class=\"fusion-image-element awb-imageframe-style awb-imageframe-style-below awb-imageframe-style-2\" style=\"text-align:center;--awb-caption-margin-top:1rem;--awb-max-width:300px;--awb-caption-title-font-family:&quot;Rajdhani&quot;;--awb-caption-title-font-weight:700;--awb-caption-title-font-style:normal;--awb-caption-title-size:1.50rem;--awb-caption-title-transform:uppercase;--awb-caption-title-line-height:1.50rem;--awb-caption-title-letter-spacing:var(--h4_typography-letter-spacing);\"><span class=\" fusion-imageframe imageframe-none imageframe-2 hover-type-none\" style=\"border-radius:10px;\"><img decoding=\"async\" width=\"800\" height=\"533\" title=\"categoria-alternatori\" src=\"https:\/\/www.vertexpistons.com\/wp-content\/uploads\/2025\/05\/categoria-alternatori.jpg\" alt class=\"img-responsive wp-image-759\" srcset=\"https:\/\/www.vertexpistons.com\/wp-content\/uploads\/2025\/05\/categoria-alternatori-200x133.jpg 200w, https:\/\/www.vertexpistons.com\/wp-content\/uploads\/2025\/05\/categoria-alternatori-400x267.jpg 400w, https:\/\/www.vertexpistons.com\/wp-content\/uploads\/2025\/05\/categoria-alternatori-600x400.jpg 600w, https:\/\/www.vertexpistons.com\/wp-content\/uploads\/2025\/05\/categoria-alternatori.jpg 800w\" sizes=\"(max-width: 640px) 100vw, 400px\" \/><\/span><div class=\"awb-imageframe-caption-container\"><div class=\"awb-imageframe-caption\"><h4 class=\"awb-imageframe-caption-title\">Alternatori<\/h4><\/div><\/div><\/div><\/div><\/div><div class=\"fusion-layout-column fusion_builder_column fusion-builder-column-4 fusion_builder_column_1_4 1_4 fusion-flex-column\" style=\"--awb-bg-size:cover;--awb-width-large:25%;--awb-margin-top-large:0px;--awb-spacing-right-large:7.68%;--awb-margin-bottom-large:1.25rem;--awb-spacing-left-large:7.68%;--awb-width-medium:25%;--awb-order-medium:0;--awb-spacing-right-medium:7.68%;--awb-spacing-left-medium:7.68%;--awb-width-small:100%;--awb-order-small:0;--awb-spacing-right-small:1.92%;--awb-spacing-left-small:1.92%;\"><div class=\"fusion-column-wrapper fusion-column-has-shadow fusion-flex-justify-content-flex-start fusion-content-layout-column\"><div class=\"fusion-image-element awb-imageframe-style awb-imageframe-style-below awb-imageframe-style-3\" style=\"text-align:center;--awb-caption-margin-top:1rem;--awb-max-width:300px;--awb-caption-title-font-family:&quot;Rajdhani&quot;;--awb-caption-title-font-weight:700;--awb-caption-title-font-style:normal;--awb-caption-title-size:1.50rem;--awb-caption-title-transform:uppercase;--awb-caption-title-line-height:1.50rem;--awb-caption-title-letter-spacing:var(--h4_typography-letter-spacing);\"><span class=\" fusion-imageframe imageframe-none imageframe-3 hover-type-none\" style=\"border-radius:10px;\"><img decoding=\"async\" width=\"800\" height=\"533\" title=\"categoria-motorini-d&#8217;avviamento\" src=\"https:\/\/www.vertexpistons.com\/wp-content\/uploads\/2025\/05\/categoria-motorini-davviamento.jpg\" alt class=\"img-responsive wp-image-760\" srcset=\"https:\/\/www.vertexpistons.com\/wp-content\/uploads\/2025\/05\/categoria-motorini-davviamento-200x133.jpg 200w, https:\/\/www.vertexpistons.com\/wp-content\/uploads\/2025\/05\/categoria-motorini-davviamento-400x267.jpg 400w, https:\/\/www.vertexpistons.com\/wp-content\/uploads\/2025\/05\/categoria-motorini-davviamento-600x400.jpg 600w, https:\/\/www.vertexpistons.com\/wp-content\/uploads\/2025\/05\/categoria-motorini-davviamento.jpg 800w\" sizes=\"(max-width: 640px) 100vw, 400px\" \/><\/span><div class=\"awb-imageframe-caption-container\"><div class=\"awb-imageframe-caption\"><h4 class=\"awb-imageframe-caption-title\">Motorini d'avviamento<\/h4><\/div><\/div><\/div><\/div><\/div><div class=\"fusion-layout-column fusion_builder_column fusion-builder-column-5 fusion_builder_column_1_4 1_4 fusion-flex-column\" style=\"--awb-bg-size:cover;--awb-width-large:25%;--awb-margin-top-large:0px;--awb-spacing-right-large:7.68%;--awb-margin-bottom-large:1.25rem;--awb-spacing-left-large:7.68%;--awb-width-medium:25%;--awb-order-medium:0;--awb-spacing-right-medium:7.68%;--awb-spacing-left-medium:7.68%;--awb-width-small:100%;--awb-order-small:0;--awb-spacing-right-small:1.92%;--awb-spacing-left-small:1.92%;\"><div class=\"fusion-column-wrapper fusion-column-has-shadow fusion-flex-justify-content-flex-start fusion-content-layout-column\"><div class=\"fusion-image-element awb-imageframe-style awb-imageframe-style-below awb-imageframe-style-4\" style=\"text-align:center;--awb-caption-margin-top:1rem;--awb-max-width:300px;--awb-caption-title-font-family:&quot;Rajdhani&quot;;--awb-caption-title-font-weight:700;--awb-caption-title-font-style:normal;--awb-caption-title-size:1.50rem;--awb-caption-title-transform:uppercase;--awb-caption-title-line-height:1.50rem;--awb-caption-title-letter-spacing:var(--h4_typography-letter-spacing);\"><span class=\" fusion-imageframe imageframe-none imageframe-4 hover-type-none\" style=\"border-radius:10px;\"><img decoding=\"async\" width=\"800\" height=\"533\" title=\"categoria-cdi-centraline\" src=\"https:\/\/www.vertexpistons.com\/wp-content\/uploads\/2025\/05\/categoria-cdi-centraline.jpg\" alt class=\"img-responsive wp-image-762\" srcset=\"https:\/\/www.vertexpistons.com\/wp-content\/uploads\/2025\/05\/categoria-cdi-centraline-200x133.jpg 200w, https:\/\/www.vertexpistons.com\/wp-content\/uploads\/2025\/05\/categoria-cdi-centraline-400x267.jpg 400w, https:\/\/www.vertexpistons.com\/wp-content\/uploads\/2025\/05\/categoria-cdi-centraline-600x400.jpg 600w, https:\/\/www.vertexpistons.com\/wp-content\/uploads\/2025\/05\/categoria-cdi-centraline.jpg 800w\" sizes=\"(max-width: 640px) 100vw, 400px\" \/><\/span><div class=\"awb-imageframe-caption-container\"><div class=\"awb-imageframe-caption\"><h4 class=\"awb-imageframe-caption-title\">Cdi \/ Centraline<\/h4><\/div><\/div><\/div><\/div><\/div><div class=\"fusion-layout-column fusion_builder_column fusion-builder-column-6 fusion_builder_column_1_4 1_4 fusion-flex-column\" style=\"--awb-bg-size:cover;--awb-width-large:25%;--awb-margin-top-large:0px;--awb-spacing-right-large:7.68%;--awb-margin-bottom-large:1.25rem;--awb-spacing-left-large:7.68%;--awb-width-medium:25%;--awb-order-medium:0;--awb-spacing-right-medium:7.68%;--awb-spacing-left-medium:7.68%;--awb-width-small:100%;--awb-order-small:0;--awb-spacing-right-small:1.92%;--awb-spacing-left-small:1.92%;\"><div class=\"fusion-column-wrapper fusion-column-has-shadow fusion-flex-justify-content-flex-start fusion-content-layout-column\"><div class=\"fusion-image-element awb-imageframe-style awb-imageframe-style-below awb-imageframe-style-5\" style=\"text-align:center;--awb-caption-margin-top:1rem;--awb-max-width:300px;--awb-caption-title-font-family:&quot;Rajdhani&quot;;--awb-caption-title-font-weight:700;--awb-caption-title-font-style:normal;--awb-caption-title-size:1.50rem;--awb-caption-title-transform:uppercase;--awb-caption-title-line-height:1.50rem;--awb-caption-title-letter-spacing:var(--h4_typography-letter-spacing);\"><span class=\" fusion-imageframe imageframe-none imageframe-5 hover-type-none\" style=\"border-radius:10px;\"><img decoding=\"async\" width=\"800\" height=\"533\" title=\"categoria-regolatori-di-tensione\" src=\"https:\/\/www.vertexpistons.com\/wp-content\/uploads\/2025\/05\/categoria-regolatori-di-tensione.jpg\" alt class=\"img-responsive wp-image-763\" srcset=\"https:\/\/www.vertexpistons.com\/wp-content\/uploads\/2025\/05\/categoria-regolatori-di-tensione-200x133.jpg 200w, https:\/\/www.vertexpistons.com\/wp-content\/uploads\/2025\/05\/categoria-regolatori-di-tensione-400x267.jpg 400w, https:\/\/www.vertexpistons.com\/wp-content\/uploads\/2025\/05\/categoria-regolatori-di-tensione-600x400.jpg 600w, https:\/\/www.vertexpistons.com\/wp-content\/uploads\/2025\/05\/categoria-regolatori-di-tensione.jpg 800w\" sizes=\"(max-width: 640px) 100vw, 400px\" \/><\/span><div class=\"awb-imageframe-caption-container\"><div class=\"awb-imageframe-caption\"><h4 class=\"awb-imageframe-caption-title\">Regolatori di Tensione<\/h4><\/div><\/div><\/div><\/div><\/div><div class=\"fusion-layout-column fusion_builder_column fusion-builder-column-7 fusion_builder_column_1_4 1_4 fusion-flex-column\" style=\"--awb-bg-size:cover;--awb-width-large:25%;--awb-margin-top-large:0px;--awb-spacing-right-large:7.68%;--awb-margin-bottom-large:1.25rem;--awb-spacing-left-large:7.68%;--awb-width-medium:25%;--awb-order-medium:0;--awb-spacing-right-medium:7.68%;--awb-spacing-left-medium:7.68%;--awb-width-small:100%;--awb-order-small:0;--awb-spacing-right-small:1.92%;--awb-spacing-left-small:1.92%;\"><div class=\"fusion-column-wrapper fusion-column-has-shadow fusion-flex-justify-content-flex-start fusion-content-layout-column\"><div class=\"fusion-image-element awb-imageframe-style awb-imageframe-style-below awb-imageframe-style-6\" style=\"text-align:center;--awb-caption-margin-top:1rem;--awb-max-width:300px;--awb-caption-title-font-family:&quot;Rajdhani&quot;;--awb-caption-title-font-weight:700;--awb-caption-title-font-style:normal;--awb-caption-title-size:1.50rem;--awb-caption-title-transform:uppercase;--awb-caption-title-line-height:1.50rem;--awb-caption-title-letter-spacing:var(--h4_typography-letter-spacing);\"><span class=\" fusion-imageframe imageframe-none imageframe-6 hover-type-none\" style=\"border-radius:10px;\"><img decoding=\"async\" width=\"800\" height=\"533\" title=\"categoria-pignoni-per-motorini-di-avviamento\" src=\"https:\/\/www.vertexpistons.com\/wp-content\/uploads\/2025\/05\/categoria-pignoni-per-motorini-di-avviamento.jpg\" alt class=\"img-responsive wp-image-761\" srcset=\"https:\/\/www.vertexpistons.com\/wp-content\/uploads\/2025\/05\/categoria-pignoni-per-motorini-di-avviamento-200x133.jpg 200w, https:\/\/www.vertexpistons.com\/wp-content\/uploads\/2025\/05\/categoria-pignoni-per-motorini-di-avviamento-400x267.jpg 400w, https:\/\/www.vertexpistons.com\/wp-content\/uploads\/2025\/05\/categoria-pignoni-per-motorini-di-avviamento-600x400.jpg 600w, https:\/\/www.vertexpistons.com\/wp-content\/uploads\/2025\/05\/categoria-pignoni-per-motorini-di-avviamento.jpg 800w\" sizes=\"(max-width: 640px) 100vw, 400px\" \/><\/span><div class=\"awb-imageframe-caption-container\"><div class=\"awb-imageframe-caption\"><h4 class=\"awb-imageframe-caption-title\">Pignoni per Motorini di Avviamento<\/h4><\/div><\/div><\/div><\/div><\/div><div class=\"fusion-layout-column fusion_builder_column fusion-builder-column-8 fusion_builder_column_1_4 1_4 fusion-flex-column\" style=\"--awb-bg-size:cover;--awb-width-large:25%;--awb-margin-top-large:0px;--awb-spacing-right-large:7.68%;--awb-margin-bottom-large:1.25rem;--awb-spacing-left-large:7.68%;--awb-width-medium:25%;--awb-order-medium:0;--awb-spacing-right-medium:7.68%;--awb-spacing-left-medium:7.68%;--awb-width-small:100%;--awb-order-small:0;--awb-spacing-right-small:1.92%;--awb-spacing-left-small:1.92%;\"><div class=\"fusion-column-wrapper fusion-column-has-shadow fusion-flex-justify-content-flex-start fusion-content-layout-column\"><div class=\"fusion-image-element awb-imageframe-style awb-imageframe-style-below awb-imageframe-style-7\" style=\"text-align:center;--awb-caption-margin-top:1rem;--awb-max-width:300px;--awb-caption-title-font-family:&quot;Rajdhani&quot;;--awb-caption-title-font-weight:700;--awb-caption-title-font-style:normal;--awb-caption-title-size:1.50rem;--awb-caption-title-transform:uppercase;--awb-caption-title-line-height:1.50rem;--awb-caption-title-letter-spacing:var(--h4_typography-letter-spacing);\"><span class=\" fusion-imageframe imageframe-none imageframe-7 hover-type-none\" style=\"border-radius:10px;\"><img decoding=\"async\" width=\"800\" height=\"533\" title=\"categoria-solenoide-&#038;-relays\" src=\"https:\/\/www.vertexpistons.com\/wp-content\/uploads\/2025\/05\/categoria-solenoide-relays.jpg\" alt class=\"img-responsive wp-image-758\" srcset=\"https:\/\/www.vertexpistons.com\/wp-content\/uploads\/2025\/05\/categoria-solenoide-relays-200x133.jpg 200w, https:\/\/www.vertexpistons.com\/wp-content\/uploads\/2025\/05\/categoria-solenoide-relays-400x267.jpg 400w, https:\/\/www.vertexpistons.com\/wp-content\/uploads\/2025\/05\/categoria-solenoide-relays-600x400.jpg 600w, https:\/\/www.vertexpistons.com\/wp-content\/uploads\/2025\/05\/categoria-solenoide-relays.jpg 800w\" sizes=\"(max-width: 640px) 100vw, 400px\" \/><\/span><div class=\"awb-imageframe-caption-container\"><div class=\"awb-imageframe-caption\"><h4 class=\"awb-imageframe-caption-title\">Solenoide &amp; Relays<\/h4><\/div><\/div><\/div><\/div><\/div><div class=\"fusion-layout-column fusion_builder_column fusion-builder-column-9 fusion_builder_column_1_4 1_4 fusion-flex-column\" style=\"--awb-bg-size:cover;--awb-width-large:25%;--awb-margin-top-large:0px;--awb-spacing-right-large:7.68%;--awb-margin-bottom-large:1.25rem;--awb-spacing-left-large:7.68%;--awb-width-medium:25%;--awb-order-medium:0;--awb-spacing-right-medium:7.68%;--awb-spacing-left-medium:7.68%;--awb-width-small:100%;--awb-order-small:0;--awb-spacing-right-small:1.92%;--awb-spacing-left-small:1.92%;\"><div class=\"fusion-column-wrapper fusion-column-has-shadow fusion-flex-justify-content-flex-start fusion-content-layout-column\"><div class=\"fusion-image-element awb-imageframe-style awb-imageframe-style-below awb-imageframe-style-8\" style=\"text-align:center;--awb-caption-margin-top:1rem;--awb-max-width:300px;--awb-caption-title-font-family:&quot;Rajdhani&quot;;--awb-caption-title-font-weight:700;--awb-caption-title-font-style:normal;--awb-caption-title-size:1.50rem;--awb-caption-title-transform:uppercase;--awb-caption-title-line-height:1.50rem;--awb-caption-title-letter-spacing:var(--h4_typography-letter-spacing);\"><span class=\" fusion-imageframe imageframe-none imageframe-8 hover-type-none\" style=\"border-radius:10px;\"><img decoding=\"async\" width=\"800\" height=\"533\" title=\"categoria-kit-di-revisione-per-motorini-di-avviamento\" src=\"https:\/\/www.vertexpistons.com\/wp-content\/uploads\/2025\/05\/categoria-kit-di-revisione-per-motorini-di-avviamento.jpg\" alt class=\"img-responsive wp-image-757\" srcset=\"https:\/\/www.vertexpistons.com\/wp-content\/uploads\/2025\/05\/categoria-kit-di-revisione-per-motorini-di-avviamento-200x133.jpg 200w, https:\/\/www.vertexpistons.com\/wp-content\/uploads\/2025\/05\/categoria-kit-di-revisione-per-motorini-di-avviamento-400x267.jpg 400w, https:\/\/www.vertexpistons.com\/wp-content\/uploads\/2025\/05\/categoria-kit-di-revisione-per-motorini-di-avviamento-600x400.jpg 600w, https:\/\/www.vertexpistons.com\/wp-content\/uploads\/2025\/05\/categoria-kit-di-revisione-per-motorini-di-avviamento.jpg 800w\" sizes=\"(max-width: 640px) 100vw, 400px\" \/><\/span><div class=\"awb-imageframe-caption-container\"><div class=\"awb-imageframe-caption\"><h4 class=\"awb-imageframe-caption-title\">Kit di Revisione per Motorini di Avviamento<\/h4><\/div><\/div><\/div><\/div><\/div><div class=\"fusion-layout-column fusion_builder_column fusion-builder-column-10 fusion_builder_column_1_4 1_4 fusion-flex-column\" style=\"--awb-bg-size:cover;--awb-width-large:25%;--awb-margin-top-large:0px;--awb-spacing-right-large:7.68%;--awb-margin-bottom-large:1.25rem;--awb-spacing-left-large:7.68%;--awb-width-medium:25%;--awb-order-medium:0;--awb-spacing-right-medium:7.68%;--awb-spacing-left-medium:7.68%;--awb-width-small:100%;--awb-order-small:0;--awb-spacing-right-small:1.92%;--awb-spacing-left-small:1.92%;\"><div class=\"fusion-column-wrapper fusion-column-has-shadow fusion-flex-justify-content-flex-start fusion-content-layout-column\"><div class=\"fusion-image-element awb-imageframe-style awb-imageframe-style-below awb-imageframe-style-9\" style=\"text-align:center;--awb-caption-margin-top:1rem;--awb-max-width:300px;--awb-caption-title-font-family:&quot;Rajdhani&quot;;--awb-caption-title-font-weight:700;--awb-caption-title-font-style:normal;--awb-caption-title-size:1.50rem;--awb-caption-title-transform:uppercase;--awb-caption-title-line-height:1.50rem;--awb-caption-title-letter-spacing:var(--h4_typography-letter-spacing);\"><span class=\" fusion-imageframe imageframe-none imageframe-9 hover-type-none\" style=\"border-radius:10px;\"><img decoding=\"async\" width=\"800\" height=\"533\" title=\"categoria-statori\" src=\"https:\/\/www.vertexpistons.com\/wp-content\/uploads\/2025\/05\/categoria-statori.jpg\" alt class=\"img-responsive wp-image-756\" srcset=\"https:\/\/www.vertexpistons.com\/wp-content\/uploads\/2025\/05\/categoria-statori-200x133.jpg 200w, https:\/\/www.vertexpistons.com\/wp-content\/uploads\/2025\/05\/categoria-statori-400x267.jpg 400w, https:\/\/www.vertexpistons.com\/wp-content\/uploads\/2025\/05\/categoria-statori-600x400.jpg 600w, https:\/\/www.vertexpistons.com\/wp-content\/uploads\/2025\/05\/categoria-statori.jpg 800w\" sizes=\"(max-width: 640px) 100vw, 400px\" \/><\/span><div class=\"awb-imageframe-caption-container\"><div class=\"awb-imageframe-caption\"><h4 class=\"awb-imageframe-caption-title\">Statori<\/h4><\/div><\/div><\/div><\/div><\/div><\/div><\/div><\/p>\n","protected":false},"excerpt":{"rendered":"","protected":false},"author":1,"featured_media":0,"parent":1156,"menu_order":0,"comment_status":"closed","ping_status":"closed","template":"100-width.php","meta":{"footnotes":""},"class_list":["post-717","page","type-page","status-publish","hentry"],"_links":{"self":[{"href":"https:\/\/www.vertexpistons.com\/it\/wp-json\/wp\/v2\/pages\/717","targetHints":{"allow":["GET"]}}],"collection":[{"href":"https:\/\/www.vertexpistons.com\/it\/wp-json\/wp\/v2\/pages"}],"about":[{"href":"https:\/\/www.vertexpistons.com\/it\/wp-json\/wp\/v2\/types\/page"}],"author":[{"embeddable":true,"href":"https:\/\/www.vertexpistons.com\/it\/wp-json\/wp\/v2\/users\/1"}],"replies":[{"embeddable":true,"href":"https:\/\/www.vertexpistons.com\/it\/wp-json\/wp\/v2\/comments?post=717"}],"version-history":[{"count":47,"href":"https:\/\/www.vertexpistons.com\/it\/wp-json\/wp\/v2\/pages\/717\/revisions"}],"predecessor-version":[{"id":1279,"href":"https:\/\/www.vertexpistons.com\/it\/wp-json\/wp\/v2\/pages\/717\/revisions\/1279"}],"up":[{"embeddable":true,"href":"https:\/\/www.vertexpistons.com\/it\/wp-json\/wp\/v2\/pages\/1156"}],"wp:attachment":[{"href":"https:\/\/www.vertexpistons.com\/it\/wp-json\/wp\/v2\/media?parent=717"}],"curies":[{"name":"wp","href":"https:\/\/api.w.org\/{rel}","templated":true}]}}